{"id":114,"date":"2016-11-02T01:15:31","date_gmt":"2016-11-02T01:15:31","guid":{"rendered":"http:\/\/elston:8888\/?page_id=114"},"modified":"2024-09-12T18:59:13","modified_gmt":"2024-09-12T18:59:13","slug":"bio","status":"publish","type":"page","link":"https:\/\/theodorakanelli.com\/fr\/bio\/","title":{"rendered":"Bio"},"content":{"rendered":"<div class=\"vc_row wpb_row vc_row-fluid vc_custom_1649238146393 vc_row-has-fill\"><div class=\"wpb_column vc_column_container text-default vc_col-sm-12\"><div class=\"vc_column-inner\"><div class=\"wpb_wrapper\">\n    \n    <div class=\"elstn-top-banner elstn-parallax-text  elstn-text-69ecd4be94cf4\">\n      <div class=\"banner-caption\">\n        <div class=\"elstn-table-container\">\n          <div class=\"elstn-align-container\">\n            <\/p>\n<h1>Theodora Kanelli<\/h1>\n<h4>L'\u0153uvre de Theodora m\u00eale beaux-arts et litt\u00e9rature. <span style=\"font-weight: 400;\">Elle travaille souvent avec des collages de texte et d'images.<\/span><span style=\"font-weight: 400;\">Elle s'int\u00e9resse \u00e0 l'\u00e9ph\u00e9m\u00e8re des mat\u00e9riaux fragiles, <\/span><span style=\"font-weight: 400;\">cr\u00e9er des projets artistiques avec une approche de recherche.<\/span><\/h4>\n<h4><span style=\"font-weight: 400;\">.<\/span><\/h4>\n<p>          <\/div>\n        <\/div>\n      <\/div>\n    <\/div>\n\n    <\/div><\/div><\/div><\/div><div class=\"vc_row wpb_row vc_row-fluid\"><div class=\"wpb_column vc_column_container text-default vc_col-sm-12\"><div class=\"vc_column-inner\"><div class=\"wpb_wrapper\"><div class=\"elstn-about-wrap\"><div class=\"wrapper\"><div><nav>\n                  <div class=\"nav nav-tabs\" id=\"nav-tab\" role=\"tablist\"><a class=\"nav-item nav-link\" id=\"nav-69ecd4be951250-tab\" data-toggle=\"tab\" href=\"#nav-69ecd4be951250\" role=\"tab\" aria-controls=\"nav-69ecd4be951250\" aria-selected=\"true\">\u00c9ducation<\/a><a class=\"nav-item nav-link active\" id=\"nav-69ecd4be951251-tab\" data-toggle=\"tab\" href=\"#nav-69ecd4be951251\" role=\"tab\" aria-controls=\"nav-69ecd4be951251\" aria-selected=\"true\">EXPERIENCE PROFESSIONNELLE<\/a><a class=\"nav-item nav-link\" id=\"nav-69ecd4be951252-tab\" data-toggle=\"tab\" href=\"#nav-69ecd4be951252\" role=\"tab\" aria-controls=\"nav-69ecd4be951252\" aria-selected=\"true\">Awards-Residencies<\/a><\/div>\n                <\/nav><div class=\"tab-content tab-animation\" id=\"nav-tabContent\"><div class=\"tab-pane\" id=\"nav-69ecd4be951250\" role=\"tabpanel\" aria-labelledby=\"nav-69ecd4be951250-tab\"><div class=\"segva-main-content\">\n\t<div class=\"wpb_text_column wpb_content_element\" >\n\t\t<div class=\"wpb_wrapper\">\n\t\t\t<p style=\"text-align: left;\"><span style=\"font-weight: 400;\"><strong>DNSAP Beaux-Arts de Paris <\/strong>(ENSBA), 2015-2018. Membres du jury: Mathilde Villeneuve, Virginie Yassef, Dominique Radrizzani, Samuel Richardot. Atelier Alberola.<\/span><\/p>\n<p style=\"text-align: left;\"><span style=\"font-weight: 400;\"><strong>DNAP Institut Sup\u00e9rieur des arts de Toulouse <\/strong>(ISDAT), 2014-2015<\/span><\/p>\n<p style=\"text-align: left;\"><span style=\"font-weight: 400;\"><strong>MA architecture, \u00c9cole Polytechnique de l\u2019Universit\u00e9 Aristote de Thessalonique<\/strong> (UATH) au D\u00e9partement des Ing\u00e9nieurs Architectes, 2007-2014<\/span><\/p>\n<p style=\"text-align: left;\"><span style=\"font-weight: 400;\"><strong>Erasmus \u00c9cole Nationale Sup\u00e9rieure d\u2019Architecture de Montpellier<\/strong> (ENSAM), 2010-2011<\/span><\/p>\n\n\t\t<\/div>\n\t<\/div>\n<\/div><\/div><div class=\"tab-pane  active show\" id=\"nav-69ecd4be951251\" role=\"tabpanel\" aria-labelledby=\"nav-69ecd4be951251-tab\"><div class=\"segva-main-content\">\n\t<div class=\"wpb_text_column wpb_content_element\" >\n\t\t<div class=\"wpb_wrapper\">\n\t\t\t<p style=\"text-align: left;\"><strong>Enseignement des arts plastiques<\/strong> at Hill School, 2021-actuellement, Athens<\/p>\n<p style=\"text-align: left;\"><strong>Enseignement \u00e0 des \u00e9tudiants de Master 1 et 2<\/strong>\u00a0collaborateur externe, en collaboration avec Laurent Proux et Elene Shatberashvili, \u00e0 l'Institut sup\u00e9rieur des arts de Toulouse, Toulouse, 2023, France.<\/p>\n<p style=\"text-align: left;\"><strong>Animation d'atelier d'art\u00a0<\/strong>titled \u201cVeggera\u201d a collaborative artistic group project for the residents of Marpissa, with Myrsini Artakianou, as part of the cultural festival <a href=\"https:\/\/stimarpissa.gr\/en\/home\/\">Routes in Marpissa<\/a>, Paros, 2023, Greece.<\/p>\n<p style=\"text-align: left;\"><strong>Animation d'atelier d'art<\/strong>\u00a0for children aged 10-12 years, in collaboration with Giorgos Gerontides as part of the exhibition \u201cA Flock of fakes: definitions of the unnatural\u201d at MOMus \u2013 Museum Alex Mylona, 2023, Athens<\/p>\n<p style=\"text-align: left;\"><strong>Animation d'atelier d'art<\/strong>\u00a0pour les enfants de 10-12 ans, au  La Glyptoth\u00e8que Nationale , 2023, Ath\u00e8nes<\/p>\n<p style=\"text-align: left;\"><strong>Animation des ateliers artistiques et narratifs<\/strong>\u00a0for children aged 7-12 years, in collaboration with Mirsini Artakianou and the cultural festival <a href=\"https:\/\/stimarpissa.gr\/en\/home\/\">Routes in Marpissa<\/a>, 2022, Paros.<\/p>\n<p style=\"text-align: left;\"><strong>Animation des ateliers artistiques et narratifs<\/strong>\u00a0with the association Les Scomonautes, as part of the project \u201cC\u2019est mon patrimoine !\u201d, in partnership with the Mus\u00e9e de l\u2019\u00e9cole rurale en Bretagne (Tr\u00e9garvan, Finist\u00e8re) and the association Longueur d\u2019ondes, 2021-2022, Brest.<\/p>\n<p style=\"text-align: left;\"><strong>Co-fondatrice de l\u2019association Les Scomonautes<\/strong>\u00a0avec Silvia Beraldo, Giulia Buffoli, Philippe Lagadec, Laurent Le Gall et Le\u0301na Que\u0301ran, 2021, Brest.<\/p>\n<p style=\"text-align: left;\"><strong>Sc\u00e9nographie th\u00e9\u00e2trale<\/strong>\u00a0de la pi\u00e8ce de th\u00e9\u00e2tre \u201cAn irish story\u201d de Kelly Rivi\u00e8re, avec Kelly Rivi\u00e8re, Jalie Barcilon, David Jungman, Suzanne Marrot, Sarah Sir\u00e9, Th\u00e9\u00e2tre de Belleville, 2019, Paris<\/p>\n<p style=\"text-align: left;\"><strong>Animation d\u2019activit\u00e9s artistiques et culturelles p\u00e9riscolaire<\/strong>s avec l\u2019association art-exprim, 2017-2018, Paris<\/p>\n<p style=\"text-align: left;\"><strong>Sc\u00e9nographie th\u00e9\u00e2trale et animation d\u2019ateliers th\u00e9\u00e2trales<\/strong>\u00a0of the play \u201cCette guerre que nous n\u2019avons pas faite\u201d by Gael Octavia with the Company: Ultima Chamada, scene of Lilas de Paris, Tropiques Atrium theater of Martinique and Artchipel of Guadeloupe, 2016 -2017, Caribbean<\/p>\n<p style=\"text-align: left;\"><strong>Assistante d\u2019artiste<\/strong>\u00a0Laurent Proux, 2014, Pantin<\/p>\n\n\t\t<\/div>\n\t<\/div>\n<\/div><\/div><div class=\"tab-pane\" id=\"nav-69ecd4be951252\" role=\"tabpanel\" aria-labelledby=\"nav-69ecd4be951252-tab\"><div class=\"segva-main-content\">\n\t<div class=\"wpb_text_column wpb_content_element\" >\n\t\t<div class=\"wpb_wrapper\">\n\t\t\t<p style=\"text-align: left;\"><strong>R\u00e9sidence artistique<\/strong> \u201cDialogue des femmes exil\u00e9es\u201d, \u00e0 la <a href=\"https:\/\/www.citedesartsparis.net\/\">Cit\u00e9 internationale des arts<\/a> \u00e0 Paris, soutenue par l' <a href=\"https:\/\/www.ifg.gr\/\">Institut Fran\u00e7ais de Gr\u00e8ce<\/a>\u00a0et la <a href=\"https:\/\/www.citedesartsparis.net\/\">Cit\u00e9 internationale des arts<\/a> 2024, Paris, France<\/p>\n<p style=\"text-align: left;\"><strong>R\u00e9sidence artistique<\/strong> intitul\u00e9e \u00ab Jeu et rituel \u00bb avec Lise Thiollier et Anna Zoria \u00e0 la <a href=\"https:\/\/www.citedesartsparis.net\/\">Cit\u00e9 internationale des arts<\/a> \u00e0 Paris, soutenue par l' <a href=\"https:\/\/www.ifg.gr\/\">Institut Fran\u00e7ais de Gr\u00e8ce<\/a>, 2019, Paris, France<\/p>\n<p style=\"text-align: left;\"><span style=\"font-weight: 400;\"><strong>SNF Bourse de recherche d'artiste<\/strong> avec la Stavros Niarchos Foundation <a href=\"https:\/\/www.art-works.gr\/\">ARTWORKS<\/a>, 2019, Ath\u00e8nes, Gr\u00e8ce<\/span><\/p>\n<p style=\"text-align: left;\"><span style=\"font-weight: 400;\"><strong>R\u00e9sidence artistique<\/strong> \u00e0 <a href=\"https:\/\/www.lorfevrerie.fr\/\">L\u2019Orf\u00e8vrerie<\/a>, avec l'association Soukmachines, 2019, Saint-Denis, France<\/span><\/p>\n<p style=\"text-align: left;\"><span style=\"font-weight: 400;\"><strong>R\u00e9sidence artistique<\/strong> \u00e0 <a href=\"https:\/\/lesyperyper.com\/\">Les Yper Yper<\/a> l'espace culturel, 2012-2014, Thessalonique, Gr\u00e8ce<\/span><\/p>\n\n\t\t<\/div>\n\t<\/div>\n<\/div><\/div><\/div><\/div><\/div><\/div><\/div><\/div><\/div><\/div><div class=\"vc_row wpb_row vc_row-fluid\"><div class=\"wpb_column vc_column_container text-default vc_col-sm-12\"><div class=\"vc_column-inner\"><div class=\"wpb_wrapper\"><div class=\"vc_row wpb_row vc_inner vc_row-fluid vc_column-gap-10\"><div class=\"wpb_column vc_column_container vc_col-sm-6\"><div class=\"vc_column-inner\"><div class=\"wpb_wrapper\">\n\t<div  class=\"wpb_single_image wpb_content_element vc_align_center\">\n\t\t\n\t\t<figure class=\"wpb_wrapper vc_figure\">\n\t\t\t<div class=\"vc_single_image-wrapper   vc_box_border_grey\"><img loading=\"lazy\" decoding=\"async\" width=\"683\" height=\"1024\" src=\"https:\/\/theodorakanelli.com\/wp-content\/uploads\/2022\/04\/DSF0837-683x1024.jpg\" class=\"vc_single_image-img attachment-large\" alt=\"\" title=\"_DSF0837\" srcset=\"https:\/\/theodorakanelli.com\/wp-content\/uploads\/2022\/04\/DSF0837-683x1024.jpg 683w, https:\/\/theodorakanelli.com\/wp-content\/uploads\/2022\/04\/DSF0837-200x300.jpg 200w, https:\/\/theodorakanelli.com\/wp-content\/uploads\/2022\/04\/DSF0837-768x1152.jpg 768w, https:\/\/theodorakanelli.com\/wp-content\/uploads\/2022\/04\/DSF0837-1024x1536.jpg 1024w, https:\/\/theodorakanelli.com\/wp-content\/uploads\/2022\/04\/DSF0837-1365x2048.jpg 1365w, https:\/\/theodorakanelli.com\/wp-content\/uploads\/2022\/04\/DSF0837-scaled.jpg 1707w\" sizes=\"auto, (max-width: 683px) 100vw, 683px\" \/><\/div>\n\t\t<\/figure>\n\t<\/div>\n<\/div><\/div><\/div><div class=\"wpb_column vc_column_container vc_col-sm-6\"><div class=\"vc_column-inner\"><div class=\"wpb_wrapper\">\n\t<div  class=\"wpb_single_image wpb_content_element vc_align_center\">\n\t\t\n\t\t<figure class=\"wpb_wrapper vc_figure\">\n\t\t\t<div class=\"vc_single_image-wrapper   vc_box_border_grey\"><img loading=\"lazy\" decoding=\"async\" width=\"683\" height=\"1024\" src=\"https:\/\/theodorakanelli.com\/wp-content\/uploads\/2022\/04\/DSF0877-683x1024.jpg\" class=\"vc_single_image-img attachment-large\" alt=\"\" title=\"_DSF0877\" srcset=\"https:\/\/theodorakanelli.com\/wp-content\/uploads\/2022\/04\/DSF0877-683x1024.jpg 683w, https:\/\/theodorakanelli.com\/wp-content\/uploads\/2022\/04\/DSF0877-200x300.jpg 200w, https:\/\/theodorakanelli.com\/wp-content\/uploads\/2022\/04\/DSF0877-768x1152.jpg 768w, https:\/\/theodorakanelli.com\/wp-content\/uploads\/2022\/04\/DSF0877-1024x1536.jpg 1024w, https:\/\/theodorakanelli.com\/wp-content\/uploads\/2022\/04\/DSF0877-1365x2048.jpg 1365w, https:\/\/theodorakanelli.com\/wp-content\/uploads\/2022\/04\/DSF0877-scaled.jpg 1707w\" sizes=\"auto, (max-width: 683px) 100vw, 683px\" \/><\/div>\n\t\t<\/figure>\n\t<\/div>\n<\/div><\/div><\/div><\/div><\/div><\/div><\/div><\/div><div class=\"vc_row wpb_row vc_row-fluid elstn-services-group\"><div class=\"wpb_column vc_column_container text-default vc_col-sm-12\"><div class=\"vc_column-inner\"><div class=\"wpb_wrapper\">\n\t<div class=\"wpb_text_column wpb_content_element\" >\n\t\t<div class=\"wpb_wrapper\">\n\t\t\t<blockquote>\n<h4 style=\"text-align: left;\">EXPOSITIONS<\/h4>\n<\/blockquote>\n\n\t\t<\/div>\n\t<\/div>\n<\/div><\/div><\/div><div class=\"wpb_column vc_column_container text-default vc_col-sm-6\"><div class=\"vc_column-inner\"><div class=\"wpb_wrapper\">      <div class=\"service-item\">\n        <div class=\"pull-left\"><i class=\"et-icon\"><\/i><\/div>\n        <div class=\"service-info\">\n          <h4>2024. ``Hybrids-Beyond Individualities``<\/h4>\n          <p style=\"line-height:1.6;\">exposition collective organis\u00e9e par Elli Leventaki, <a href=\"https:\/\/www.instagram.com\/amphicar_studio\/\">Amphicar Studio<\/a>, Ath\u00e8nes, Gr\u00e8ce<\/p>\n        <\/div>\n      <\/div>\n            <div class=\"service-item\">\n        <div class=\"pull-left\"><i class=\"et-icon\"><\/i><\/div>\n        <div class=\"service-info\">\n          <h4>2023. ``Code Connects``<\/h4>\n          <p style=\"line-height:1.6;\">exposition collective avec Rathin Kanji, Alexandra Niaka, George Politis, Syni Vizovitou, <a href=\"https:\/\/www.instagram.com\/taf_theartfoundation\/\">TAF Art Foundation<\/a>, Ath\u00e8nes, Gr\u00e8ce<\/p>\n        <\/div>\n      <\/div>\n            <div class=\"service-item\">\n        <div class=\"pull-left\"><i class=\"et-icon\"><\/i><\/div>\n        <div class=\"service-info\">\n          <h4>2023. ``Veggera``<\/h4>\n          <p style=\"line-height:1.6;\">en collaboration avec Mirsini Artakianou, dans le cadre du festival culturel <a href=\"https:\/\/stimarpissa.gr\/en\/home\/\">Routes in Marpissa<\/a>, Paros, Greece<\/p>\n        <\/div>\n      <\/div>\n            <div class=\"service-item\">\n        <div class=\"pull-left\"><i class=\"et-icon\"><\/i><\/div>\n        <div class=\"service-info\">\n          <h4>2023. ``All together II``<\/h4>\n          <p style=\"line-height:1.6;\">exposition collective, au <a href=\"https:\/\/www.zinaathanassiadou.com\/\">Zina Athanasiadou Gallery<\/a>, Thessalonique, Gr\u00e8ce<\/p>\n        <\/div>\n      <\/div>\n            <div class=\"service-item\">\n        <div class=\"pull-left\"><i class=\"et-icon\"><\/i><\/div>\n        <div class=\"service-info\">\n          <h4>2023. ``Let\u2019s bark, says the dog``<\/h4>\n          <p style=\"line-height:1.6;\">avec Lise Thiollier. Exposition \u00e0 <a href=\"https:\/\/www.w-pantin.xyz\/\">l'Atelier W Pantin<\/a>, France<\/p>\n        <\/div>\n      <\/div>\n            <div class=\"service-item\">\n        <div class=\"pull-left\"><i class=\"et-icon\"><\/i><\/div>\n        <div class=\"service-info\">\n          <h4>2023. ``Pierre Loti. Arpenter l&#039;intervalle``<\/h4>\n          <p style=\"line-height:1.6;\">exposition collective, organis\u00e9e par JM Alberola, r\u00e9unissant Agathe Dos Santos, Ariane Alberola, Carmen Ayala, Jos\u00e9phine Ducat-May, Juliette Green, Lucie Baumgarten, Malo Chapuy, Sol\u00e8ne Rigou, Theodora Kanelli, qui s'est tenue \u00e0 la <a href=\"https:\/\/www.corderie-royale.com\/\">La Corderie Royale<\/a> de l'Arsenal de Rochefort, France<\/p>\n        <\/div>\n      <\/div>\n            <div class=\"service-item\">\n        <div class=\"pull-left\"><i class=\"et-icon\"><\/i><\/div>\n        <div class=\"service-info\">\n          <h4>2022. ``La Pyramide De Ponzi``<\/h4>\n          <p style=\"line-height:1.6;\">exposition collective, organis\u00e9e par Marc Molk, <a href=\"https:\/\/www.valeriedelaunay.com\/\">Galerie Val\u00e9rie Delaunay<\/a>, Paris, France<\/p>\n        <\/div>\n      <\/div>\n            <div class=\"service-item\">\n        <div class=\"pull-left\"><i class=\"et-icon\"><\/i><\/div>\n        <div class=\"service-info\">\n          <h4>2021. ``Natura Artis Magistra``<\/h4>\n          <p style=\"line-height:1.6;\">avec <a href=\"https:\/\/www.jeunecreation.org\/\">Jeune Cr\u00e9ation<\/a> [JC70]. Galerie Jeune Cr\u00e9ation, Paris, France<\/p>\n        <\/div>\n      <\/div>\n            <div class=\"service-item\">\n        <div class=\"pull-left\"><i class=\"et-icon\"><\/i><\/div>\n        <div class=\"service-info\">\n          <h4>2021. ``Peirao``<\/h4>\n          <p style=\"line-height:1.6;\">avec Veneti Molin, Evi Kalogiropoulou, Claudio Coltorti, Theo Prodomidis, Ioannis Augoustis, Kyveli Zoi Stenou, Anna Savvidou Yiaxi. <a href=\"https:\/\/www.kyanathens.com\/\">Kyan<\/a>, Ath\u00e8nes, Gr\u00e8ce<\/p>\n        <\/div>\n      <\/div>\n            <div class=\"service-item\">\n        <div class=\"pull-left\"><i class=\"et-icon\"><\/i><\/div>\n        <div class=\"service-info\">\n          <h4>2021. ``The Prefix ``co``, Hydroexpress Project Part II``<\/h4>\n          <p style=\"line-height:1.6;\">avec Marina Papadaki, Maria Varela, Eva Vaslamatzi, Daphne Dragona, A Whale\u2019s architects, Artemis Papachristou. <a href=\"https:\/\/www.instagram.com\/hydroexpress_project\">Hydroexpress Space<\/a>, Ath\u00e8nes, Gr\u00e8ce<\/p>\n        <\/div>\n      <\/div>\n      <\/div><\/div><\/div><div class=\"wpb_column vc_column_container text-default vc_col-sm-6\"><div class=\"vc_column-inner\"><div class=\"wpb_wrapper\">      <div class=\"service-item\">\n        <div class=\"pull-left\"><i class=\"et-icon\"><\/i><\/div>\n        <div class=\"service-info\">\n          <h4>2020. ``ABSENCE``<\/h4>\n          <p style=\"line-height:1.6;\">avec Eleni Xynogala, en collaboration avec la <a href=\"https:\/\/www.londonmet.ac.uk\/\">The London Metropolitan University<\/a>, Londres. CASS Fine Art Annex Gallery, Londres, Angleterre.<\/p>\n        <\/div>\n      <\/div>\n            <div class=\"service-item\">\n        <div class=\"pull-left\"><i class=\"et-icon\"><\/i><\/div>\n        <div class=\"service-info\">\n          <h4>2020. ``En \u00eatre``<\/h4>\n          <p style=\"line-height:1.6;\">avec Jeune Cr\u00e9ation [JC70]. <a href=\"https:\/\/ropac.net\/\">Thaddaeus Ropac Gallery<\/a>, Pantin, France<\/p>\n        <\/div>\n      <\/div>\n            <div class=\"service-item\">\n        <div class=\"pull-left\"><i class=\"et-icon\"><\/i><\/div>\n        <div class=\"service-info\">\n          <h4>2019. ``REALITES NOUVELLES \/ RN19.``<\/h4>\n          <p style=\"line-height:1.6;\"><a href=\"http:\/\/www.realitesnouvelles.org\/\">Le salon R\u00e9alit\u00e9s Nouvelles<\/a>, Paris, France<\/p>\n        <\/div>\n      <\/div>\n            <div class=\"service-item\">\n        <div class=\"pull-left\"><i class=\"et-icon\"><\/i><\/div>\n        <div class=\"service-info\">\n          <h4>2019. ``Loukas Venetoulias``<\/h4>\n          <p style=\"line-height:1.6;\">exposition collective, au <a href=\"https:\/\/www.teloglion.gr\/\">Teloglion Foundation of Art<\/a>, Thessalonique, Gr\u00e8ce<\/p>\n        <\/div>\n      <\/div>\n            <div class=\"service-item\">\n        <div class=\"pull-left\"><i class=\"et-icon\"><\/i><\/div>\n        <div class=\"service-info\">\n          <h4>2019. ``Les pieds dans la niche - la t\u00eate dans le sol``<\/h4>\n          <p style=\"line-height:1.6;\">avec Carmen Ayala, Amie-Sarah Barouh, Agathe Dos Santos. La Maison des Ensembles, Paris, France<\/p>\n        <\/div>\n      <\/div>\n            <div class=\"service-item\">\n        <div class=\"pull-left\"><i class=\"et-icon\"><\/i><\/div>\n        <div class=\"service-info\">\n          <h4>2019. ``FINALE 18``<\/h4>\n          <p style=\"line-height:1.6;\">avec les artistes dipl\u00f4m\u00e9s en 2018 des Beaux-arts de Paris. Palais des \u00c9tudes, <a href=\"https:\/\/beauxartsparis.fr\/\">Beaux-Arts de Paris<\/a>, France<\/p>\n        <\/div>\n      <\/div>\n            <div class=\"service-item\">\n        <div class=\"pull-left\"><i class=\"et-icon\"><\/i><\/div>\n        <div class=\"service-info\">\n          <h4>2019. ``Nothing happens \/ Everything matters``<\/h4>\n          <p style=\"line-height:1.6;\">avec Gilles Elie, Cecilia Granara, Nathana\u00eblle Herberlin, Theodora Kanelli, Nathaniel Kochan, Elene Shatberashvili, Lise Thiollier, Miranda Webster. <a href=\"https:\/\/onzieme-lieu.com\/\">Onzi\u00e8me lieu<\/a>, Paris, France<\/p>\n        <\/div>\n      <\/div>\n            <div class=\"service-item\">\n        <div class=\"pull-left\"><i class=\"et-icon\"><\/i><\/div>\n        <div class=\"service-info\">\n          <h4>2018. \u201c Itin\u00e9raire d'une hybris\u201d. Exposition du dipl\u00f4me DNSAP<\/h4>\n          <p style=\"line-height:1.6;\">Atelier Alberola, <a href=\"https:\/\/beauxartsparis.fr\/\">Beaux-Arts de Paris<\/a>, France<\/p>\n        <\/div>\n      <\/div>\n            <div class=\"service-item\">\n        <div class=\"pull-left\"><i class=\"et-icon\"><\/i><\/div>\n        <div class=\"service-info\">\n          <h4>2017. ``Contre la grippe, lavez nous les mains``<\/h4>\n          <p style=\"line-height:1.6;\">avec les \u00e9tudiants de l'atelier de Jean Michel Alberola. Galeries du Palais des \u00c9tudes, <a href=\"https:\/\/beauxartsparis.fr\/\">Beaux-Arts de Paris<\/a>, France<\/p>\n        <\/div>\n      <\/div>\n            <div class=\"service-item\">\n        <div class=\"pull-left\"><i class=\"et-icon\"><\/i><\/div>\n        <div class=\"service-info\">\n          <h4>2014. ``Reserval``<\/h4>\n          <p style=\"line-height:1.6;\">avec Maria Xinopoulou, Thessalonique. Commissaire d'exposition : Rania Emmaounilidou, au De Facto Caf\u00e9, Thessalonique, Gr\u00e8ce<\/p>\n        <\/div>\n      <\/div>\n            <div class=\"service-item\">\n        <div class=\"pull-left\"><i class=\"et-icon\"><\/i><\/div>\n        <div class=\"service-info\">\n          <h4>2013. ``Lesyperyper``<\/h4>\n          <p style=\"line-height:1.6;\"><\/p>\n<div>\n<div>\n<p>exposition collective organis\u00e9e par Rania Emmaounilidou, \u00e0 <a href=\"https:\/\/lesyperyper.com\/\" target=\"_blank\" rel=\"noopener\" data-saferedirecturl=\"https:\/\/www.google.com\/url?q=https:\/\/lesyperyper.com\/&amp;source=gmail&amp;ust=1720008208765000&amp;usg=AOvVaw1FmTjkedjt49gblYm60kQV\">Les Yper Yper<\/a> l'espace culturel, Thessalonique, Gr\u00e8ce<\/p>\n<\/div>\n<\/div>\n<p><\/p>\n        <\/div>\n      <\/div>\n      <\/div><\/div><\/div><\/div><div class=\"vc_row wpb_row vc_row-fluid elstn-title\"><div class=\"wpb_column vc_column_container text-default vc_col-sm-12\"><div class=\"vc_column-inner\"><div class=\"wpb_wrapper\">\n\t<div class=\"wpb_text_column wpb_content_element\" >\n\t\t<div class=\"wpb_wrapper\">\n\t\t\t<blockquote>\n<h4 style=\"text-align: left;\">TEXTES<\/h4>\n<\/blockquote>\n\n\t\t<\/div>\n\t<\/div>\n<\/div><\/div><\/div><\/div><div class=\"vc_row wpb_row vc_row-fluid\"><div class=\"wpb_column vc_column_container text-default vc_col-sm-12\"><div class=\"vc_column-inner\"><div class=\"wpb_wrapper\">      <div class=\"elstn-testimonials testimonial-bg\">\n        <div class=\"elstn-table-container\">\n          <div class=\"elstn-align-container\">\n            <div class=\"wrapper\">\n              <div class=\"elstn-default-slider\" data-items=\"1\" data-margin=\"0\" data-loop=\"true\" data-nav=\"false\">\n                                <div class=\"item\">\n                  <p>M\u00e9moire de recherche en collaboration avec Elli Christaki, \u00e0 \u00c9cole Polytechnique de l\u2019Universit\u00e9 Aristote de Thessalonique (UATH) au D\u00e9partement des Ing\u00e9nieurs Architectes. Directeur de recherche, Dimitris Fragkos.<\/p>\n                  <div class=\"testimonial-owner\">\"Le \u2018logement\u2019 des objets. Versions de la boite dans l\u2019art contemporain.\" <span>- 2014<\/span><\/div>\n                <\/div>\n                                <div class=\"item\">\n                  <p>M\u00e9moire de recherche au Beaux-Arts de Paris. Directrice de recherche, Guitemie Maldonado.<\/p>\n                  <div class=\"testimonial-owner\">\u201cLe journal du voyage en mer du h\u00e9ros X.\u201d <span>- 2018<\/span><\/div>\n                <\/div>\n                                <div class=\"item\">\n                  <p>Publication en collaboration avec Lise Thiollier. Maison d\u2019\u00e9dition : Keda Press, \u00e0 Thessalonique.<\/p>\n                  <div class=\"testimonial-owner\">\u201cLet&#039;s Bark! Says the Dog: Follow, he will lead you to your refuge.\u201d <span>- 2022<\/span><\/div>\n                <\/div>\n                              <\/div>\n            <\/div>\n          <\/div>\n        <\/div>\n      <\/div>\n      <\/div><\/div><\/div><\/div><div class=\"vc_row wpb_row vc_row-fluid vc_custom_1649248175738 vc_row-has-fill\"><div class=\"wpb_column vc_column_container text-default vc_col-sm-12\"><div class=\"vc_column-inner\"><div class=\"wpb_wrapper\">\n    <div class=\"elstn-contact-banner\">\n      <div class=\"wrapper\">\n        <h2><\/h2>\n        <div class=\"clearfix\"><a class=\"elstn-btn  elstn-btn-medium elstn-btn-two elstn-btn-rounded  elstn-btn-69ecd4be99154\" href=\"?page_id=147\"><span class=\"btn-text\">Contacter<\/span><\/a><\/div>\n      <\/div>\n    <\/div>\n\n    <\/div><\/div><\/div><\/div>","protected":false},"excerpt":{"rendered":"Publication en collaboration avec Lise Thiollier. Maison d\u2019\u00e9dition : Keda Press, \u00e0 Thessalonique.","protected":false},"author":1,"featured_media":1026,"parent":0,"menu_order":0,"comment_status":"closed","ping_status":"closed","template":"","meta":{"footnotes":""},"class_list":["post-114","page","type-page","status-publish","has-post-thumbnail","hentry"],"_links":{"self":[{"href":"https:\/\/theodorakanelli.com\/fr\/wp-json\/wp\/v2\/pages\/114","targetHints":{"allow":["GET"]}}],"collection":[{"href":"https:\/\/theodorakanelli.com\/fr\/wp-json\/wp\/v2\/pages"}],"about":[{"href":"https:\/\/theodorakanelli.com\/fr\/wp-json\/wp\/v2\/types\/page"}],"author":[{"embeddable":true,"href":"https:\/\/theodorakanelli.com\/fr\/wp-json\/wp\/v2\/users\/1"}],"replies":[{"embeddable":true,"href":"https:\/\/theodorakanelli.com\/fr\/wp-json\/wp\/v2\/comments?post=114"}],"version-history":[{"count":106,"href":"https:\/\/theodorakanelli.com\/fr\/wp-json\/wp\/v2\/pages\/114\/revisions"}],"predecessor-version":[{"id":1900,"href":"https:\/\/theodorakanelli.com\/fr\/wp-json\/wp\/v2\/pages\/114\/revisions\/1900"}],"wp:featuredmedia":[{"embeddable":true,"href":"https:\/\/theodorakanelli.com\/fr\/wp-json\/wp\/v2\/media\/1026"}],"wp:attachment":[{"href":"https:\/\/theodorakanelli.com\/fr\/wp-json\/wp\/v2\/media?parent=114"}],"curies":[{"name":"wp","href":"https:\/\/api.w.org\/{rel}","templated":true}]}}